{"id":227,"date":"2017-06-05T16:15:15","date_gmt":"2017-06-05T14:15:15","guid":{"rendered":"http:\/\/soba.vimetix.he-hosting.de\/?page_id=227"},"modified":"2018-05-24T20:30:40","modified_gmt":"2018-05-24T18:30:40","slug":"datenschutzbelehrung","status":"publish","type":"page","link":"https:\/\/www.haonoodle.at\/en\/datenschutzbelehrung\/","title":{"rendered":"Datenschutzbelehrung"},"content":{"rendered":"<div class=\"story\">\n<div class=\"story post-story\">\n<div class=\"story\">\n<div class=\"story\">\n<h3>Geltungsbereich<\/h3>\n<p>Diese Datenschutzerkl\u00e4rung informiert gem\u00e4\u00df europ\u00e4schischer Datenschutzgrundverordnung (DSGVO) \u00fcber die Art, den Umfang und den Zweck der Erhebung und Verwendung personenbezogener Daten durch den Websitebetreiber (Coco Restaurant Betriebs GmbH, Opernring 19, 1010 Wien).<\/p>\n<p>Ihre personenbezogenen Daten werden entsprechend der europ\u00e4ischen Datenschutzgrundverordnung (DSGVO) behandelt, aufgrund m\u00f6glicher Sicherheitsl\u00fccken bei der Daten\u00fcbertragung im Internet kann ein vollumf\u00e4nglicher Schutz vor dem Zugriff durch Fremde nicht gew\u00e4hrleistet werden.<\/p>\n<h3>Erhebung, Verarbeitung und Nutzung personenbezogener Daten<\/h3>\n<p>Sie k\u00f6nnen unsere Seite besuchen, ohne Angaben zu Ihrer Person zu machen. Wir speichern \u2013 auch wenn der Besuch ggf. \u00fcber Newsletterlinks erfolgt \u2013 lediglich Zugriffsdaten ohne Personenbezug. Die Zugriffe werden in Form von sogenannten \u201eServer-Logfiles\u201c abgespeichert und enthalten folgende Daten:<\/p>\n<p>\u2022 Besuchte Website<br \/>\n\u2022 Uhrzeit zum Zeitpunkt des Zugriffes<br \/>\n\u2022 Menge der gesendeten Daten in Byte<br \/>\n\u2022 Quelle\/Verweis (von wo aus Sie auf unsere Seite gelangt sind)<br \/>\n\u2022 Verwendeter Browser<br \/>\n\u2022 Verwendetes Betriebssystem<br \/>\n\u2022 Verwendete IP-Adresse<\/p>\n<p>Diese Daten werden ausschlie\u00dflich zu statitischen Zwecken bzw. zur Verbesserung unseres Angebotes ausgewertet und erlauben keinen R\u00fcckschluss auf Ihre Person.<\/p>\n<p>Personenbezogene Daten, die einen R\u00fcckschluss auf Ihre Person erlauben, werden nur dann erhoben, wenn Sie uns diese z.B. im Rahmen einer Registrierung zum Newsletter freiwillig mitteilen. Eine Weitergabe Ihrer personenbezogenen Daten erfolgt nicht bzw. nur dann, wenn dies im gesetzlichen Rahmen erlaubt ist oder Sie in die Datenerhebung einwilligen.<\/p>\n<h3>Verwendung von Cookies<\/h3>\n<p>Auf unserer Webseite setzen wir sogenannte Cookies ein. Cookies (Kekse, Pl\u00e4tzchen) sind kleine Dateien, die auf Ihrem Datentr\u00e4ger gespeichert werden und die bestimmte Einstellungen und Daten zum Austausch mit unserem System \u00fcber Ihren Browser speichern. Diese Speicherung hilft uns, die Webseite f\u00fcr Sie entsprechend zu gestalten und erleichtert Ihnen die Nutzung, indem beispielsweise bestimmte Eingaben von Ihnen so gespeichert werden, dass Sie sie nicht st\u00e4ndig wiederholen m\u00fcssen. Ihr Browser erlaubt Ihnen einschr\u00e4nkende Einstellungen zur Nutzung von Cookies, wobei diese dazu f\u00fchren k\u00f6nnen, dass unser Angebot f\u00fcr Sie nicht mehr bzw. eingeschr\u00e4nkt funktioniert. Cookies k\u00f6nnen dort auch gel\u00f6scht werden.<\/p>\n<p><strong>Sitzungs-Cookies<br \/>\n<\/strong>Die Sitzungscookies (auch Sessioncookies genannt) werden nach dem Schlie\u00dfen Ihres Browsers wieder gel\u00f6scht.<\/p>\n<p><strong>Langzeit-Cookies<br \/>\n<\/strong>Es werden bei uns Cookies eingesetzt, die auf der Festplatte bei Ihnen verbleiben. Die Verfallszeit ist f\u00fcr Ihre Bequemlichkeit auf ein Datum in der Zukunft eingestellt. Bei einem weiteren Besuch wird dann automatisch erkannt, dass Sie bereits bei uns waren und welche Eingaben und Einstellungen Sie bevorzugen. (sog. Langzeit-Cookies).<\/p>\n<h3>Reservierung \u00fcber Quandoo<\/h3>\n<p>Zur Online-Tischreservierung wird auf der Website der Steinlechner GmbH die Software Quandoo eingesetzt. Mit Absenden des Online-Reservierungsformulars willigen Sie in die Verwendung Ihrer Daten gem\u00e4\u00df der <a title=\"Externer Link zur Datenschutzerkl\u00e4rung von Quandoo (\u00f6ffnet in neuem Fenster)\" href=\"https:\/\/www.quandoo.at\/data_privacy\" target=\"_blank\" rel=\"noopener\">Datenschutzerkl\u00e4rung von Quandoo<\/a> ein.<\/p>\n<h3>Webanalyse mit Google Analytics<\/h3>\n<p>Diese Website benutzt Google Analytics, einen Webanalysedienst von Google Inc., 1600 Amphitheatre Parkway, Mountain View, CA 94043, USA (\u201eGoogle\u201c). Google Analytics verwendet Cookies, die auf Ihrem Computer gespeichert werden. Ihre Daten werden auf Grundlage des berechtigten Interesses, eine leicht zu verwendende Website-Zugriffsstatistik erstellen zu k\u00f6nnen (Art 6 Abs 1 lit f DSGVO), verarbeitet. Die durch das Cookie erzeugten Informationen \u00fcber Ihre Nutzung dieser Website (einschlie\u00dflich Ihrer anonymisierten IP-Adresse und pseudonymisierten ID sowie der URLs der aufgerufen Webseiten) werden an Server von Google in den USA \u00fcbertragen und dort gespeichert.\u00a0 Diese Website verwendet die von Google Analytics gebotene M\u00f6glichkeit der IP-Anonymisierung. Ihre IP-Adresse wird von Google innerhalb der Mitgliedsstaaten der Europ\u00e4ischen Union oder in anderen Vertragsstaaten des Abkommens \u00fcber den Europ\u00e4ischen Wirtschaftsraum gek\u00fcrzt. Google diese Informationen verwenden, um Ihre Nutzung der Website auszuwerten, um Reports \u00fcber die Websiteaktivit\u00e4ten zusammenzustellen und um weitere mit der Website- und der Internetnutzung verbundene Dienstleistungen an den Betreiber dieser Webseite zu erbringen. Sie k\u00f6nnen die generelle Speicherung von Cookies durch eine entsprechende Einstellung Ihrer Browser-Software verhindern. Es sei jedoch darauf hingewiesen, dass Sie in diesem Fall unter Umst\u00e4nden nicht s\u00e4mtliche Funktionen dieser Website vollumf\u00e4nglich nutzen k\u00f6nnen. Sie k\u00f6nnen dar\u00fcber hinaus verhindern, dass Google Ihre Daten in Zusammenhang mit Google Analytics erhebt, indem Sie das unter dem folgenden Link verf\u00fcgbare Browser-Plugin herunterladen und installieren: <a href=\"http:\/\/tools.google.com\/dlpage\/gaoptout?hl=de\">http:\/\/tools.google.com\/dlpage\/gaoptout?hl=de<\/a>. N\u00e4here Informationen zu den Nutzungsbedingungen von Google sowie Googles Datenschutzerkl\u00e4rung finden Sie unter http:\/\/www.google.com\/analytics\/terms\/de.html, https:\/\/policies.google.com\/privacy\/partners?hl=de bzw. unter <a href=\"https:\/\/www.google.at\/intl\/at\/policies\/\">https:\/\/www.google.at\/intl\/at\/policies\/<\/a>.<\/p>\n<h3>Google Maps<\/h3>\n<p>Auf dieser Webseite wird der Dienst Google Maps API ein. Dieser Dienst ist ein Service der Google, Inc., 1600 Amphitheatre Parkway, Mountain View, CA 94043, USA. Durch die Einbindung dieses Dienstes auf unserer Webseite werden mindestens folgende Daten an Google, Inc. \u00fcbertragen: IP-Adresse, Uhrzeit des Besuchs der Webseite, Bildschirmaufl\u00f6sung des Besuchers, URL der Website (Referrer), die Kennung des Browsers (User-Agent) sowie Suchbegriffe. Die Daten\u00fcbertragung erfolgt unabh\u00e4ngig davon, ob Sie bei Google ein Nutzerkonto besitzen, \u00fcber das Sie eingeloggt sind, oder ob f\u00fcr Sie kein Nutzerkonto besteht. Wenn Sie eingeloggt sind, werden diese Daten direkt Ihrem Konto zugeordnet. Wenn Sie die Zuordnung zu Ihrem Profil nicht w\u00fcnschen, m\u00fcssen Sie sich vor Aktivierung des Buttons mit Ihrem Google-Konto ausloggen. Google, Inc. speichert diese Daten als Nutzungsprofile und nutzt diese f\u00fcr Zwecke der Werbung, Marktforschung und\/oder bedarfsgerechten Gestaltung seiner Webseite. Ihnen steht ein Widerspruchsrecht zu gegen die Bildung dieser Nutzerprofile, wobei Sie sich zur Aus\u00fcbung dessen an Google Inc. richten m\u00fcssen. Weitere Informationen zu Zweck und Umfang der Datenerhebung und ihrer Verarbeitung durch Google, Inc. erhalten Sie auf www.google.at\/intl\/de\/policies\/privacy\/. Eine Verarbeitung der betroffenen Daten durch uns findet nicht statt.<\/p>\n<h3>Facebook<\/h3>\n<p>Auf dieser Website werden sogenannte Social Plugins (\u201ePlugins\u201c) des sozialen Netzwerkes Facebook verwendet, das von der Facebook Inc., 1601 S. California Ave, Palo Alto, CA 94304, USA (\u201eFacebook\u201c) betrieben wird. Die Plugins sind mit einem Facebook-Logo bzw. einem Facebook-Schriftzug gekennzeichnet. Eine \u00dcbersicht \u00fcber die Facebook Plugins und deren Aussehen finden Sie hier: https:\/\/developers.facebook.com\/docs\/plugins\/?locale=de_DE. Wenn Sie eine Seite dieses Webauftritts aufrufen, die ein solches Plugin enth\u00e4lt, stellt Ihr Browser eine direkte Verbindung zu den Servern von Facebook her. Der Inhalt des Plugins wird von Facebook direkt an Ihren Browser \u00fcbermittelt und in die Seite eingebunden. Durch diese Einbindung erh\u00e4lt Facebook die Information, dass Ihr Browser die entsprechende Seite dieses Webauftritts aufgerufen hat, auch wenn Sie kein Facebook-Profil besitzen oder gerade nicht bei Facebook eingeloggt sind. Diese Information (einschlie\u00dflich Ihrer IP-Adresse) wird von Ihrem Browser direkt an einen Server von Facebook in die USA \u00fcbermittelt und dort gespeichert. Sind Sie bei Facebook eingeloggt, kann Facebook den Besuch dieser Webseite Ihrem Facebook-Profil unmittelbar zuordnen. Wenn Sie mit den Plugins interagieren, zum Beispiel den \u201eGef\u00e4llt mir\u201c-Button bet\u00e4tigen oder einen Kommentar abgeben, wird diese Information ebenfalls direkt an einen Server von Facebook \u00fcbermittelt und dort gespeichert. Die Informationen werden au\u00dferdem ggf. auf Ihrem Facebook- Profil ver\u00f6ffentlicht und Ihren Facebook-Freunden angezeigt. Zweck und Umfang der Datenerhebung und die weitere Verarbeitung und Nutzung der Daten durch Facebook sowie Ihre diesbez\u00fcglichen Rechte und Einstellungsm\u00f6glichkeiten zum Schutz Ihrer Privatsph\u00e4re entnehmen Sie bitte den Datenschutzhinweisen von Facebook: http:\/\/www.facebook.com\/policy.php. Wenn Sie nicht m\u00f6chten, dass Facebook die \u00fcber unseren Webauftritt gesammelten Daten unmittelbar Ihrem Facebook-Profil zuordnet, m\u00fcssen Sie sich vor Ihrem Besuch dieser Webseite bei Facebook ausloggen. Sie k\u00f6nnen das Laden der Facebook Plugins auch mit Add-Ons f\u00fcr Ihren Browser komplett verhindern.<\/p>\n<\/div>\n<h3>Auskunfts-, Berichtigungs- und L\u00f6schungsrecht<\/h3>\n<p>Sie haben das Recht auf unentgeltliche Ausk\u00fcnfte \u00fcber Ihre gespeicherten, personenbezogenen Daten sowie ein Recht auf Berichtigung, Sperrung oder L\u00f6schung dieser Daten, insofern Ihr Wunsch nicht mit einer\u00a0gesetzlichen Pflicht zur Aufbewahrung von Daten (z.B. Vorratsdatenspeicherung) kollidiert.<\/p>\n<\/div>\n<\/div>\n<\/div>","protected":false},"excerpt":{"rendered":"<p>Geltungsbereich Diese Datenschutzerkl\u00e4rung informiert gem\u00e4\u00df europ\u00e4schischer Datenschutzgrundverordnung (DSGVO) \u00fcber die Art, den Umfang und den Zweck der Erhebung und Verwendung personenbezogener Daten durch den Websitebetreiber (Coco Restaurant Betriebs GmbH, Opernring 19, 1010 Wien). Ihre personenbezogenen Daten werden entsprechend der europ\u00e4ischen Datenschutzgrundverordnung (DSGVO) behandelt, aufgrund m\u00f6glicher Sicherheitsl\u00fccken bei der Daten\u00fcbertragung im Internet kann ein vollumf\u00e4nglicher Schutz [&hellip;]<\/p>","protected":false},"author":1,"featured_media":0,"parent":0,"menu_order":0,"comment_status":"closed","ping_status":"closed","template":"","meta":{"_monsterinsights_skip_tracking":false,"_monsterinsights_sitenote_active":false,"_monsterinsights_sitenote_note":"","_monsterinsights_sitenote_category":0,"footnotes":""},"class_list":["post-227","page","type-page","status-publish","hentry"],"_links":{"self":[{"href":"https:\/\/www.haonoodle.at\/en\/wp-json\/wp\/v2\/pages\/227","targetHints":{"allow":["GET"]}}],"collection":[{"href":"https:\/\/www.haonoodle.at\/en\/wp-json\/wp\/v2\/pages"}],"about":[{"href":"https:\/\/www.haonoodle.at\/en\/wp-json\/wp\/v2\/types\/page"}],"author":[{"embeddable":true,"href":"https:\/\/www.haonoodle.at\/en\/wp-json\/wp\/v2\/users\/1"}],"replies":[{"embeddable":true,"href":"https:\/\/www.haonoodle.at\/en\/wp-json\/wp\/v2\/comments?post=227"}],"version-history":[{"count":4,"href":"https:\/\/www.haonoodle.at\/en\/wp-json\/wp\/v2\/pages\/227\/revisions"}],"predecessor-version":[{"id":440,"href":"https:\/\/www.haonoodle.at\/en\/wp-json\/wp\/v2\/pages\/227\/revisions\/440"}],"wp:attachment":[{"href":"https:\/\/www.haonoodle.at\/en\/wp-json\/wp\/v2\/media?parent=227"}],"curies":[{"name":"wp","href":"https:\/\/api.w.org\/{rel}","templated":true}]}}